{"id":751,"date":"2021-05-21T09:18:41","date_gmt":"2021-05-21T09:18:41","guid":{"rendered":"https:\/\/www.moneytrans.eu\/making-people-smile\/integration-et-interculturalite\/"},"modified":"2021-05-26T11:13:14","modified_gmt":"2021-05-26T11:13:14","slug":"integration-interculturalite","status":"publish","type":"page","link":"https:\/\/www.moneytrans.eu\/makingpeoplesmile\/fr\/integration-interculturalite\/","title":{"rendered":"Int\u00e9gration et interculturalit\u00e9"},"content":{"rendered":"\t\t<div data-elementor-type=\"wp-page\" data-elementor-id=\"751\" class=\"elementor elementor-751 elementor-743\" data-elementor-post-type=\"page\">\n\t\t\t\t\t\t<section class=\"ob-is-breaking-bad elementor-section elementor-top-section elementor-element elementor-element-6847ee6 elementor-section-height-min-height elementor-section-boxed elementor-section-height-default elementor-section-items-middle\" data-id=\"6847ee6\" data-element_type=\"section\" data-settings=\"{&quot;background_background&quot;:&quot;classic&quot;,&quot;_ob_bbad_use_it&quot;:&quot;yes&quot;,&quot;_ob_bbad_sssic_use&quot;:&quot;no&quot;,&quot;_ob_glider_is_slider&quot;:&quot;no&quot;}\">\n\t\t\t\t\t\t<div class=\"elementor-container elementor-column-gap-wide\">\n\t\t\t\t\t<div class=\"elementor-column elementor-col-100 elementor-top-column elementor-element elementor-element-e2ea4b2\" data-id=\"e2ea4b2\" data-element_type=\"column\" data-settings=\"{&quot;_ob_bbad_is_stalker&quot;:&quot;no&quot;,&quot;_ob_teleporter_use&quot;:false,&quot;_ob_column_hoveranimator&quot;:&quot;no&quot;,&quot;_ob_column_has_pseudo&quot;:&quot;no&quot;}\">\n\t\t\t<div class=\"elementor-widget-wrap elementor-element-populated\">\n\t\t\t\t\t\t<div class=\"elementor-element elementor-element-e3b6a68 ob-harakiri-inherit ob-has-background-overlay elementor-widget elementor-widget-heading\" data-id=\"e3b6a68\" data-element_type=\"widget\" data-settings=\"{&quot;_ob_use_harakiri&quot;:&quot;yes&quot;,&quot;_ob_harakiri_writing_mode&quot;:&quot;inherit&quot;,&quot;_ob_harakiri_text_clip&quot;:&quot;none&quot;,&quot;_ob_perspektive_use&quot;:&quot;no&quot;,&quot;_ob_poopart_use&quot;:&quot;yes&quot;,&quot;_ob_shadough_use&quot;:&quot;no&quot;,&quot;_ob_allow_hoveranimator&quot;:&quot;no&quot;,&quot;_ob_widget_stalker_use&quot;:&quot;no&quot;}\" data-widget_type=\"heading.default\">\n\t\t\t\t<div class=\"elementor-widget-container\">\n\t\t\t<h4 class=\"elementor-heading-title elementor-size-default\">INT\u00c9GRATION ET INTERCULTURALIT\u00c9 \u00b7 UNISSEZ-VOUS \u00c1 NOTRE PROJET<\/h4>\t\t<\/div>\n\t\t\t\t<\/div>\n\t\t\t\t<div class=\"elementor-element elementor-element-5d80f76 ob-harakiri-inherit ob-has-background-overlay elementor-widget elementor-widget-heading\" data-id=\"5d80f76\" data-element_type=\"widget\" data-settings=\"{&quot;_ob_use_harakiri&quot;:&quot;yes&quot;,&quot;_ob_harakiri_writing_mode&quot;:&quot;inherit&quot;,&quot;_ob_harakiri_text_clip&quot;:&quot;none&quot;,&quot;_ob_perspektive_use&quot;:&quot;no&quot;,&quot;_ob_poopart_use&quot;:&quot;yes&quot;,&quot;_ob_shadough_use&quot;:&quot;no&quot;,&quot;_ob_allow_hoveranimator&quot;:&quot;no&quot;,&quot;_ob_widget_stalker_use&quot;:&quot;no&quot;}\" data-widget_type=\"heading.default\">\n\t\t\t\t<div class=\"elementor-widget-container\">\n\t\t\t<h1 class=\"elementor-heading-title elementor-size-default\">Sharing Smiles<\/h1>\t\t<\/div>\n\t\t\t\t<\/div>\n\t\t\t\t<div class=\"elementor-element elementor-element-97ea684 ob-harakiri-inherit ob-has-background-overlay elementor-widget elementor-widget-text-editor\" data-id=\"97ea684\" data-element_type=\"widget\" data-settings=\"{&quot;_ob_use_harakiri&quot;:&quot;yes&quot;,&quot;_ob_harakiri_writing_mode&quot;:&quot;inherit&quot;,&quot;_ob_postman_use&quot;:&quot;no&quot;,&quot;_ob_perspektive_use&quot;:&quot;no&quot;,&quot;_ob_poopart_use&quot;:&quot;yes&quot;,&quot;_ob_shadough_use&quot;:&quot;no&quot;,&quot;_ob_allow_hoveranimator&quot;:&quot;no&quot;,&quot;_ob_widget_stalker_use&quot;:&quot;no&quot;}\" data-widget_type=\"text-editor.default\">\n\t\t\t\t<div class=\"elementor-widget-container\">\n\t\t\t\t\t\t\t<p>\u201cNous voulons apporter notre petit grain de sable en r\u00e9pandant cette initiative afin de r\u00e9veiller la conscience de notre entourage et faire appel \u00e0 sa solidarit\u00e9\u201d<\/p>\n\t\t\t\t\t\t<\/div>\n\t\t\t\t<\/div>\n\t\t\t\t<div class=\"elementor-element elementor-element-9d90ddf ob-harakiri-inherit ob-has-background-overlay elementor-widget elementor-widget-heading\" data-id=\"9d90ddf\" data-element_type=\"widget\" data-settings=\"{&quot;_ob_use_harakiri&quot;:&quot;yes&quot;,&quot;_ob_harakiri_writing_mode&quot;:&quot;inherit&quot;,&quot;_ob_harakiri_text_clip&quot;:&quot;none&quot;,&quot;_ob_perspektive_use&quot;:&quot;no&quot;,&quot;_ob_poopart_use&quot;:&quot;yes&quot;,&quot;_ob_shadough_use&quot;:&quot;no&quot;,&quot;_ob_allow_hoveranimator&quot;:&quot;no&quot;,&quot;_ob_widget_stalker_use&quot;:&quot;no&quot;}\" data-widget_type=\"heading.default\">\n\t\t\t\t<div class=\"elementor-widget-container\">\n\t\t\t<h2 class=\"elementor-heading-title elementor-size-default\">Bient\u00f4t disponible !<\/h2>\t\t<\/div>\n\t\t\t\t<\/div>\n\t\t\t\t\t<\/div>\n\t\t<\/div>\n\t\t\t\t\t<\/div>\n\t\t<\/section>\n\t\t\t\t<\/div>\n\t\t","protected":false},"excerpt":{"rendered":"<p>INT\u00c9GRATION ET INTERCULTURALIT\u00c9 \u00b7 UNISSEZ-VOUS \u00c1 NOTRE PROJET Sharing Smiles \u201cNous voulons apporter notre petit grain de sable en r\u00e9pandant cette initiative afin de r\u00e9veiller la conscience de notre entourage et faire appel \u00e0 sa solidarit\u00e9\u201d Bient\u00f4t disponible !<\/p>\n","protected":false},"author":2,"featured_media":778,"parent":0,"menu_order":0,"comment_status":"closed","ping_status":"closed","template":"","meta":{"site-sidebar-layout":"no-sidebar","site-content-layout":"page-builder","ast-site-content-layout":"","site-content-style":"default","site-sidebar-style":"default","ast-global-header-display":"","ast-banner-title-visibility":"","ast-main-header-display":"","ast-hfb-above-header-display":"","ast-hfb-below-header-display":"","ast-hfb-mobile-header-display":"","site-post-title":"disabled","ast-breadcrumbs-content":"","ast-featured-img":"disabled","footer-sml-layout":"","theme-transparent-header-meta":"default","adv-header-id-meta":"","stick-header-meta":"","header-above-stick-meta":"","header-main-stick-meta":"","header-below-stick-meta":"","astra-migrate-meta-layouts":"default","ast-page-background-enabled":"default","ast-page-background-meta":{"desktop":{"background-color":"","background-image":"","background-repeat":"repeat","background-position":"center center","background-size":"auto","background-attachment":"scroll","background-type":"","background-media":"","overlay-type":"","overlay-color":"","overlay-gradient":""},"tablet":{"background-color":"","background-image":"","background-repeat":"repeat","background-position":"center center","background-size":"auto","background-attachment":"scroll","background-type":"","background-media":"","overlay-type":"","overlay-color":"","overlay-gradient":""},"mobile":{"background-color":"","background-image":"","background-repeat":"repeat","background-position":"center center","background-size":"auto","background-attachment":"scroll","background-type":"","background-media":"","overlay-type":"","overlay-color":"","overlay-gradient":""}},"ast-content-background-meta":{"desktop":{"background-color":"var(--ast-global-color-5)","background-image":"","background-repeat":"repeat","background-position":"center center","background-size":"auto","background-attachment":"scroll","background-type":"","background-media":"","overlay-type":"","overlay-color":"","overlay-gradient":""},"tablet":{"background-color":"var(--ast-global-color-5)","background-image":"","background-repeat":"repeat","background-position":"center center","background-size":"auto","background-attachment":"scroll","background-type":"","background-media":"","overlay-type":"","overlay-color":"","overlay-gradient":""},"mobile":{"background-color":"var(--ast-global-color-5)","background-image":"","background-repeat":"repeat","background-position":"center center","background-size":"auto","background-attachment":"scroll","background-type":"","background-media":"","overlay-type":"","overlay-color":"","overlay-gradient":""}},"footnotes":""},"categorias":[34],"class_list":["post-751","page","type-page","status-publish","has-post-thumbnail","hentry","categorias-making-people-smile-fr"],"yoast_head":"<!-- This site is optimized with the Yoast SEO plugin v23.2 - https:\/\/yoast.com\/wordpress\/plugins\/seo\/ -->\n<title>Int\u00e9gration et interculturalit\u00e9 - Making People Smile<\/title>\n<meta name=\"robots\" content=\"index, follow, max-snippet:-1, max-image-preview:large, max-video-preview:-1\" \/>\n<link rel=\"canonical\" href=\"https:\/\/www.moneytrans.eu\/makingpeoplesmile\/fr\/integration-interculturalite\/\" \/>\n<meta property=\"og:locale\" content=\"fr_FR\" \/>\n<meta property=\"og:type\" content=\"article\" \/>\n<meta property=\"og:title\" content=\"Int\u00e9gration et interculturalit\u00e9 - Making People Smile\" \/>\n<meta property=\"og:description\" content=\"INT\u00c9GRATION ET INTERCULTURALIT\u00c9 \u00b7 UNISSEZ-VOUS \u00c1 NOTRE PROJET Sharing Smiles \u201cNous voulons apporter notre petit grain de sable en r\u00e9pandant cette initiative afin de r\u00e9veiller la conscience de notre entourage et faire appel \u00e0 sa solidarit\u00e9\u201d Bient\u00f4t disponible !\" \/>\n<meta property=\"og:url\" content=\"https:\/\/www.moneytrans.eu\/makingpeoplesmile\/fr\/integration-interculturalite\/\" \/>\n<meta property=\"og:site_name\" content=\"Making People Smile\" \/>\n<meta property=\"article:modified_time\" content=\"2021-05-26T11:13:14+00:00\" \/>\n<meta property=\"og:image\" content=\"https:\/\/www.moneytrans.eu\/makingpeoplesmile\/wp-content\/uploads\/sites\/46\/2021\/05\/Slide-36b.jpg\" \/>\n\t<meta property=\"og:image:width\" content=\"1920\" \/>\n\t<meta property=\"og:image:height\" content=\"1100\" \/>\n\t<meta property=\"og:image:type\" content=\"image\/jpeg\" \/>\n<meta name=\"twitter:card\" content=\"summary_large_image\" \/>\n<script type=\"application\/ld+json\" class=\"yoast-schema-graph\">{\"@context\":\"https:\/\/schema.org\",\"@graph\":[{\"@type\":\"WebPage\",\"@id\":\"https:\/\/www.moneytrans.eu\/makingpeoplesmile\/fr\/integration-interculturalite\/\",\"url\":\"https:\/\/www.moneytrans.eu\/makingpeoplesmile\/fr\/integration-interculturalite\/\",\"name\":\"Int\u00e9gration et interculturalit\u00e9 - Making People Smile\",\"isPartOf\":{\"@id\":\"https:\/\/www.moneytrans.eu\/makingpeoplesmile\/fr\/#website\"},\"primaryImageOfPage\":{\"@id\":\"https:\/\/www.moneytrans.eu\/makingpeoplesmile\/fr\/integration-interculturalite\/#primaryimage\"},\"image\":{\"@id\":\"https:\/\/www.moneytrans.eu\/makingpeoplesmile\/fr\/integration-interculturalite\/#primaryimage\"},\"thumbnailUrl\":\"https:\/\/www.moneytrans.eu\/makingpeoplesmile\/wp-content\/uploads\/sites\/46\/2021\/05\/Slide-36b.jpg\",\"datePublished\":\"2021-05-21T09:18:41+00:00\",\"dateModified\":\"2021-05-26T11:13:14+00:00\",\"breadcrumb\":{\"@id\":\"https:\/\/www.moneytrans.eu\/makingpeoplesmile\/fr\/integration-interculturalite\/#breadcrumb\"},\"inLanguage\":\"fr-FR\",\"potentialAction\":[{\"@type\":\"ReadAction\",\"target\":[\"https:\/\/www.moneytrans.eu\/makingpeoplesmile\/fr\/integration-interculturalite\/\"]}]},{\"@type\":\"ImageObject\",\"inLanguage\":\"fr-FR\",\"@id\":\"https:\/\/www.moneytrans.eu\/makingpeoplesmile\/fr\/integration-interculturalite\/#primaryimage\",\"url\":\"https:\/\/www.moneytrans.eu\/makingpeoplesmile\/wp-content\/uploads\/sites\/46\/2021\/05\/Slide-36b.jpg\",\"contentUrl\":\"https:\/\/www.moneytrans.eu\/makingpeoplesmile\/wp-content\/uploads\/sites\/46\/2021\/05\/Slide-36b.jpg\",\"width\":1920,\"height\":1100},{\"@type\":\"BreadcrumbList\",\"@id\":\"https:\/\/www.moneytrans.eu\/makingpeoplesmile\/fr\/integration-interculturalite\/#breadcrumb\",\"itemListElement\":[{\"@type\":\"ListItem\",\"position\":1,\"name\":\"Portada\",\"item\":\"https:\/\/www.moneytrans.eu\/makingpeoplesmile\/fr\/\"},{\"@type\":\"ListItem\",\"position\":2,\"name\":\"Int\u00e9gration et interculturalit\u00e9\"}]},{\"@type\":\"WebSite\",\"@id\":\"https:\/\/www.moneytrans.eu\/makingpeoplesmile\/fr\/#website\",\"url\":\"https:\/\/www.moneytrans.eu\/makingpeoplesmile\/fr\/\",\"name\":\"Making People Smile\",\"description\":\"Otro sitio m\u00e1s de Moneytrans Sites\",\"potentialAction\":[{\"@type\":\"SearchAction\",\"target\":{\"@type\":\"EntryPoint\",\"urlTemplate\":\"https:\/\/www.moneytrans.eu\/makingpeoplesmile\/fr\/?s={search_term_string}\"},\"query-input\":\"required name=search_term_string\"}],\"inLanguage\":\"fr-FR\"}]}<\/script>\n<!-- \/ Yoast SEO plugin. -->","yoast_head_json":{"title":"Int\u00e9gration et interculturalit\u00e9 - Making People Smile","robots":{"index":"index","follow":"follow","max-snippet":"max-snippet:-1","max-image-preview":"max-image-preview:large","max-video-preview":"max-video-preview:-1"},"canonical":"https:\/\/www.moneytrans.eu\/makingpeoplesmile\/fr\/integration-interculturalite\/","og_locale":"fr_FR","og_type":"article","og_title":"Int\u00e9gration et interculturalit\u00e9 - Making People Smile","og_description":"INT\u00c9GRATION ET INTERCULTURALIT\u00c9 \u00b7 UNISSEZ-VOUS \u00c1 NOTRE PROJET Sharing Smiles \u201cNous voulons apporter notre petit grain de sable en r\u00e9pandant cette initiative afin de r\u00e9veiller la conscience de notre entourage et faire appel \u00e0 sa solidarit\u00e9\u201d Bient\u00f4t disponible !","og_url":"https:\/\/www.moneytrans.eu\/makingpeoplesmile\/fr\/integration-interculturalite\/","og_site_name":"Making People Smile","article_modified_time":"2021-05-26T11:13:14+00:00","og_image":[{"width":1920,"height":1100,"url":"https:\/\/www.moneytrans.eu\/makingpeoplesmile\/wp-content\/uploads\/sites\/46\/2021\/05\/Slide-36b.jpg","type":"image\/jpeg"}],"twitter_card":"summary_large_image","schema":{"@context":"https:\/\/schema.org","@graph":[{"@type":"WebPage","@id":"https:\/\/www.moneytrans.eu\/makingpeoplesmile\/fr\/integration-interculturalite\/","url":"https:\/\/www.moneytrans.eu\/makingpeoplesmile\/fr\/integration-interculturalite\/","name":"Int\u00e9gration et interculturalit\u00e9 - Making People Smile","isPartOf":{"@id":"https:\/\/www.moneytrans.eu\/makingpeoplesmile\/fr\/#website"},"primaryImageOfPage":{"@id":"https:\/\/www.moneytrans.eu\/makingpeoplesmile\/fr\/integration-interculturalite\/#primaryimage"},"image":{"@id":"https:\/\/www.moneytrans.eu\/makingpeoplesmile\/fr\/integration-interculturalite\/#primaryimage"},"thumbnailUrl":"https:\/\/www.moneytrans.eu\/makingpeoplesmile\/wp-content\/uploads\/sites\/46\/2021\/05\/Slide-36b.jpg","datePublished":"2021-05-21T09:18:41+00:00","dateModified":"2021-05-26T11:13:14+00:00","breadcrumb":{"@id":"https:\/\/www.moneytrans.eu\/makingpeoplesmile\/fr\/integration-interculturalite\/#breadcrumb"},"inLanguage":"fr-FR","potentialAction":[{"@type":"ReadAction","target":["https:\/\/www.moneytrans.eu\/makingpeoplesmile\/fr\/integration-interculturalite\/"]}]},{"@type":"ImageObject","inLanguage":"fr-FR","@id":"https:\/\/www.moneytrans.eu\/makingpeoplesmile\/fr\/integration-interculturalite\/#primaryimage","url":"https:\/\/www.moneytrans.eu\/makingpeoplesmile\/wp-content\/uploads\/sites\/46\/2021\/05\/Slide-36b.jpg","contentUrl":"https:\/\/www.moneytrans.eu\/makingpeoplesmile\/wp-content\/uploads\/sites\/46\/2021\/05\/Slide-36b.jpg","width":1920,"height":1100},{"@type":"BreadcrumbList","@id":"https:\/\/www.moneytrans.eu\/makingpeoplesmile\/fr\/integration-interculturalite\/#breadcrumb","itemListElement":[{"@type":"ListItem","position":1,"name":"Portada","item":"https:\/\/www.moneytrans.eu\/makingpeoplesmile\/fr\/"},{"@type":"ListItem","position":2,"name":"Int\u00e9gration et interculturalit\u00e9"}]},{"@type":"WebSite","@id":"https:\/\/www.moneytrans.eu\/makingpeoplesmile\/fr\/#website","url":"https:\/\/www.moneytrans.eu\/makingpeoplesmile\/fr\/","name":"Making People Smile","description":"Otro sitio m\u00e1s de Moneytrans Sites","potentialAction":[{"@type":"SearchAction","target":{"@type":"EntryPoint","urlTemplate":"https:\/\/www.moneytrans.eu\/makingpeoplesmile\/fr\/?s={search_term_string}"},"query-input":"required name=search_term_string"}],"inLanguage":"fr-FR"}]}},"_links":{"self":[{"href":"https:\/\/www.moneytrans.eu\/makingpeoplesmile\/fr\/wp-json\/wp\/v2\/pages\/751"}],"collection":[{"href":"https:\/\/www.moneytrans.eu\/makingpeoplesmile\/fr\/wp-json\/wp\/v2\/pages"}],"about":[{"href":"https:\/\/www.moneytrans.eu\/makingpeoplesmile\/fr\/wp-json\/wp\/v2\/types\/page"}],"author":[{"embeddable":true,"href":"https:\/\/www.moneytrans.eu\/makingpeoplesmile\/fr\/wp-json\/wp\/v2\/users\/2"}],"replies":[{"embeddable":true,"href":"https:\/\/www.moneytrans.eu\/makingpeoplesmile\/fr\/wp-json\/wp\/v2\/comments?post=751"}],"version-history":[{"count":3,"href":"https:\/\/www.moneytrans.eu\/makingpeoplesmile\/fr\/wp-json\/wp\/v2\/pages\/751\/revisions"}],"predecessor-version":[{"id":759,"href":"https:\/\/www.moneytrans.eu\/makingpeoplesmile\/fr\/wp-json\/wp\/v2\/pages\/751\/revisions\/759"}],"wp:featuredmedia":[{"embeddable":true,"href":"https:\/\/www.moneytrans.eu\/makingpeoplesmile\/fr\/wp-json\/wp\/v2\/media\/778"}],"wp:attachment":[{"href":"https:\/\/www.moneytrans.eu\/makingpeoplesmile\/fr\/wp-json\/wp\/v2\/media?parent=751"}],"wp:term":[{"taxonomy":"categorias","embeddable":true,"href":"https:\/\/www.moneytrans.eu\/makingpeoplesmile\/fr\/wp-json\/wp\/v2\/categorias?post=751"}],"curies":[{"name":"wp","href":"https:\/\/api.w.org\/{rel}","templated":true}]}}