{"id":805,"date":"2021-05-21T11:22:01","date_gmt":"2021-05-21T11:22:01","guid":{"rendered":"https:\/\/www.moneytrans.eu\/making-people-smile\/projet-making-children-smile\/"},"modified":"2022-06-28T14:40:16","modified_gmt":"2022-06-28T14:40:16","slug":"projet-making-children-smile","status":"publish","type":"page","link":"https:\/\/www.moneytrans.eu\/makingpeoplesmile\/fr\/projet-making-children-smile\/","title":{"rendered":"Projet: Making Children Smile"},"content":{"rendered":"\t\t<div data-elementor-type=\"wp-page\" data-elementor-id=\"805\" class=\"elementor elementor-805 elementor-794\" data-elementor-post-type=\"page\">\n\t\t\t\t\t\t<section class=\"ob-is-breaking-bad elementor-section elementor-top-section elementor-element elementor-element-6847ee6 elementor-section-height-min-height elementor-section-boxed elementor-section-height-default elementor-section-items-middle\" data-id=\"6847ee6\" data-element_type=\"section\" data-settings=\"{&quot;background_background&quot;:&quot;classic&quot;,&quot;_ob_bbad_use_it&quot;:&quot;yes&quot;,&quot;_ob_bbad_sssic_use&quot;:&quot;no&quot;,&quot;_ob_glider_is_slider&quot;:&quot;no&quot;}\">\n\t\t\t\t\t\t<div class=\"elementor-container elementor-column-gap-wide\">\n\t\t\t\t\t<div class=\"elementor-column elementor-col-100 elementor-top-column elementor-element elementor-element-e2ea4b2\" data-id=\"e2ea4b2\" data-element_type=\"column\" data-settings=\"{&quot;_ob_bbad_is_stalker&quot;:&quot;no&quot;,&quot;_ob_teleporter_use&quot;:false,&quot;_ob_column_hoveranimator&quot;:&quot;no&quot;,&quot;_ob_column_has_pseudo&quot;:&quot;no&quot;}\">\n\t\t\t<div class=\"elementor-widget-wrap elementor-element-populated\">\n\t\t\t\t\t\t<div class=\"elementor-element elementor-element-e3b6a68 ob-harakiri-inherit ob-has-background-overlay elementor-widget elementor-widget-heading\" data-id=\"e3b6a68\" data-element_type=\"widget\" data-settings=\"{&quot;_ob_use_harakiri&quot;:&quot;yes&quot;,&quot;_ob_harakiri_writing_mode&quot;:&quot;inherit&quot;,&quot;_ob_harakiri_text_clip&quot;:&quot;none&quot;,&quot;_ob_perspektive_use&quot;:&quot;no&quot;,&quot;_ob_poopart_use&quot;:&quot;yes&quot;,&quot;_ob_shadough_use&quot;:&quot;no&quot;,&quot;_ob_allow_hoveranimator&quot;:&quot;no&quot;,&quot;_ob_widget_stalker_use&quot;:&quot;no&quot;}\" data-widget_type=\"heading.default\">\n\t\t\t\t<div class=\"elementor-widget-container\">\n\t\t\t<h4 class=\"elementor-heading-title elementor-size-default\">UNISSEZ-VOUS \u00c1 NOTRE PROJET<\/h4>\t\t<\/div>\n\t\t\t\t<\/div>\n\t\t\t\t<div class=\"elementor-element elementor-element-5d80f76 ob-harakiri-inherit ob-has-background-overlay elementor-widget elementor-widget-heading\" data-id=\"5d80f76\" data-element_type=\"widget\" data-settings=\"{&quot;_ob_use_harakiri&quot;:&quot;yes&quot;,&quot;_ob_harakiri_writing_mode&quot;:&quot;inherit&quot;,&quot;_ob_harakiri_text_clip&quot;:&quot;none&quot;,&quot;_ob_perspektive_use&quot;:&quot;no&quot;,&quot;_ob_poopart_use&quot;:&quot;yes&quot;,&quot;_ob_shadough_use&quot;:&quot;no&quot;,&quot;_ob_allow_hoveranimator&quot;:&quot;no&quot;,&quot;_ob_widget_stalker_use&quot;:&quot;no&quot;}\" data-widget_type=\"heading.default\">\n\t\t\t\t<div class=\"elementor-widget-container\">\n\t\t\t<h1 class=\"elementor-heading-title elementor-size-default\">Making Children Smile<\/h1>\t\t<\/div>\n\t\t\t\t<\/div>\n\t\t\t\t<div class=\"elementor-element elementor-element-97ea684 ob-harakiri-inherit ob-has-background-overlay elementor-widget elementor-widget-text-editor\" data-id=\"97ea684\" data-element_type=\"widget\" data-settings=\"{&quot;_ob_use_harakiri&quot;:&quot;yes&quot;,&quot;_ob_harakiri_writing_mode&quot;:&quot;inherit&quot;,&quot;_ob_postman_use&quot;:&quot;no&quot;,&quot;_ob_perspektive_use&quot;:&quot;no&quot;,&quot;_ob_poopart_use&quot;:&quot;yes&quot;,&quot;_ob_shadough_use&quot;:&quot;no&quot;,&quot;_ob_allow_hoveranimator&quot;:&quot;no&quot;,&quot;_ob_widget_stalker_use&quot;:&quot;no&quot;}\" data-widget_type=\"text-editor.default\">\n\t\t\t\t<div class=\"elementor-widget-container\">\n\t\t\t\t\t\t\t<p>\u201cNous voulons apporter notre petit grain de sable en r\u00e9pandant cette initiative afin de r\u00e9veiller la conscience de notre entourage et faire appel \u00e0 sa solidarit\u00e9\u201d<\/p>\t\t\t\t\t\t<\/div>\n\t\t\t\t<\/div>\n\t\t\t\t<div class=\"elementor-element elementor-element-9d90ddf ob-harakiri-inherit ob-has-background-overlay elementor-widget elementor-widget-heading\" data-id=\"9d90ddf\" data-element_type=\"widget\" data-settings=\"{&quot;_ob_use_harakiri&quot;:&quot;yes&quot;,&quot;_ob_harakiri_writing_mode&quot;:&quot;inherit&quot;,&quot;_ob_harakiri_text_clip&quot;:&quot;none&quot;,&quot;_ob_perspektive_use&quot;:&quot;no&quot;,&quot;_ob_poopart_use&quot;:&quot;yes&quot;,&quot;_ob_shadough_use&quot;:&quot;no&quot;,&quot;_ob_allow_hoveranimator&quot;:&quot;no&quot;,&quot;_ob_widget_stalker_use&quot;:&quot;no&quot;}\" data-widget_type=\"heading.default\">\n\t\t\t\t<div class=\"elementor-widget-container\">\n\t\t\t<h2 class=\"elementor-heading-title elementor-size-default\">Agissez maintenant! Bring Smile to life!<\/h2>\t\t<\/div>\n\t\t\t\t<\/div>\n\t\t\t\t\t<\/div>\n\t\t<\/div>\n\t\t\t\t\t<\/div>\n\t\t<\/section>\n\t\t\t\t<section class=\"ob-is-breaking-bad elementor-section elementor-top-section elementor-element elementor-element-1fcc1df elementor-section-boxed elementor-section-height-default elementor-section-height-default\" data-id=\"1fcc1df\" data-element_type=\"section\" data-settings=\"{&quot;_ob_bbad_use_it&quot;:&quot;yes&quot;,&quot;_ob_bbad_sssic_use&quot;:&quot;no&quot;,&quot;_ob_glider_is_slider&quot;:&quot;no&quot;}\">\n\t\t\t\t\t\t<div class=\"elementor-container elementor-column-gap-default\">\n\t\t\t\t\t<div class=\"elementor-column elementor-col-100 elementor-top-column elementor-element elementor-element-b6c78cc\" data-id=\"b6c78cc\" data-element_type=\"column\" data-settings=\"{&quot;_ob_bbad_is_stalker&quot;:&quot;no&quot;,&quot;_ob_teleporter_use&quot;:false,&quot;_ob_column_hoveranimator&quot;:&quot;no&quot;,&quot;_ob_column_has_pseudo&quot;:&quot;no&quot;}\">\n\t\t\t<div class=\"elementor-widget-wrap elementor-element-populated\">\n\t\t\t\t\t\t<div class=\"elementor-element elementor-element-431d21d ob-harakiri-inherit ob-has-background-overlay elementor-widget elementor-widget-heading\" data-id=\"431d21d\" data-element_type=\"widget\" data-settings=\"{&quot;_ob_use_harakiri&quot;:&quot;yes&quot;,&quot;_ob_harakiri_writing_mode&quot;:&quot;inherit&quot;,&quot;_ob_harakiri_text_clip&quot;:&quot;none&quot;,&quot;_ob_perspektive_use&quot;:&quot;no&quot;,&quot;_ob_poopart_use&quot;:&quot;yes&quot;,&quot;_ob_shadough_use&quot;:&quot;no&quot;,&quot;_ob_allow_hoveranimator&quot;:&quot;no&quot;,&quot;_ob_widget_stalker_use&quot;:&quot;no&quot;}\" data-widget_type=\"heading.default\">\n\t\t\t\t<div class=\"elementor-widget-container\">\n\t\t\t<h2 class=\"elementor-heading-title elementor-size-default\">Tout le monde sourit dans la m\u00eame langue<\/h2>\t\t<\/div>\n\t\t\t\t<\/div>\n\t\t\t\t<div class=\"elementor-element elementor-element-698c4d3 ob-harakiri-inherit ob-has-background-overlay elementor-widget elementor-widget-text-editor\" data-id=\"698c4d3\" data-element_type=\"widget\" data-settings=\"{&quot;_ob_use_harakiri&quot;:&quot;yes&quot;,&quot;_ob_harakiri_writing_mode&quot;:&quot;inherit&quot;,&quot;_ob_postman_use&quot;:&quot;no&quot;,&quot;_ob_perspektive_use&quot;:&quot;no&quot;,&quot;_ob_poopart_use&quot;:&quot;yes&quot;,&quot;_ob_shadough_use&quot;:&quot;no&quot;,&quot;_ob_allow_hoveranimator&quot;:&quot;no&quot;,&quot;_ob_widget_stalker_use&quot;:&quot;no&quot;}\" data-widget_type=\"text-editor.default\">\n\t\t\t\t<div class=\"elementor-widget-container\">\n\t\t\t\t\t\t\tNous voulons am\u00e9liorer la vie des gens gr\u00e2ce \u00e0 l&rsquo;\u00e9ducation et concentrer nos efforts sur ceux qui n&rsquo;y ont pas acc\u00e8s. Vous souhaitez nous aider ? D\u00e9couvrez nos projets!\t\t\t\t\t\t<\/div>\n\t\t\t\t<\/div>\n\t\t\t\t<div class=\"elementor-element elementor-element-a36a611 elementor-grid-4 elementor-grid-tablet-2 elementor-grid-mobile-1 ob-has-background-overlay elementor-widget elementor-widget-portfolio\" data-id=\"a36a611\" data-element_type=\"widget\" data-settings=\"{&quot;item_ratio&quot;:{&quot;unit&quot;:&quot;px&quot;,&quot;size&quot;:0.9,&quot;sizes&quot;:[]},&quot;columns&quot;:&quot;4&quot;,&quot;columns_tablet&quot;:&quot;2&quot;,&quot;columns_mobile&quot;:&quot;1&quot;,&quot;item_gap&quot;:{&quot;unit&quot;:&quot;px&quot;,&quot;size&quot;:&quot;&quot;,&quot;sizes&quot;:[]},&quot;row_gap&quot;:{&quot;unit&quot;:&quot;px&quot;,&quot;size&quot;:&quot;&quot;,&quot;sizes&quot;:[]},&quot;_ob_perspektive_use&quot;:&quot;no&quot;,&quot;_ob_poopart_use&quot;:&quot;yes&quot;,&quot;_ob_shadough_use&quot;:&quot;no&quot;,&quot;_ob_allow_hoveranimator&quot;:&quot;no&quot;,&quot;_ob_widget_stalker_use&quot;:&quot;no&quot;}\" data-widget_type=\"portfolio.default\">\n\t\t\t\t<div class=\"elementor-widget-container\">\n\t\t\t\t\t<div class=\"elementor-portfolio elementor-grid elementor-posts-container\">\n\t\t\t\t<article class=\"elementor-portfolio-item elementor-post  post-1464 page type-page status-publish has-post-thumbnail hentry categorias-projet-making-children-smile\">\n\t\t\t<a class=\"elementor-post__thumbnail__link\" href=\"https:\/\/www.moneytrans.eu\/makingpeoplesmile\/fr\/journee-afrique\/\">\n\t\t\t\t<div class=\"elementor-portfolio-item__img elementor-post__thumbnail\">\n\t\t\t<img fetchpriority=\"high\" decoding=\"async\" width=\"480\" height=\"320\" src=\"https:\/\/www.moneytrans.eu\/makingpeoplesmile\/wp-content\/uploads\/sites\/46\/2022\/06\/africa-day-destacada.jpg\" class=\"attachment-full size-full wp-image-1490\" alt=\"\" srcset=\"https:\/\/www.moneytrans.eu\/makingpeoplesmile\/wp-content\/uploads\/sites\/46\/2022\/06\/africa-day-destacada.jpg 480w, https:\/\/www.moneytrans.eu\/makingpeoplesmile\/wp-content\/uploads\/sites\/46\/2022\/06\/africa-day-destacada-300x200.jpg 300w\" sizes=\"(max-width: 480px) 100vw, 480px\" \/>\t\t<\/div>\n\t\t\t\t<div class=\"elementor-portfolio-item__overlay\">\n\t\t\t\t<h3 class=\"elementor-portfolio-item__title\">\n\t\tAction : Fondation des Amis de Monkole \u2013 Contre la malnutrition infantile\t\t<\/h3>\n\t\t\t\t<\/div>\n\t\t\t\t<\/a>\n\t\t<\/article>\n\t\t\t\t<article class=\"elementor-portfolio-item elementor-post  post-735 page type-page status-publish has-post-thumbnail hentry categorias-projet-making-children-smile\">\n\t\t\t<a class=\"elementor-post__thumbnail__link\" href=\"https:\/\/www.moneytrans.eu\/makingpeoplesmile\/fr\/action-save-the-children\/\">\n\t\t\t\t<div class=\"elementor-portfolio-item__img elementor-post__thumbnail\">\n\t\t\t<img decoding=\"async\" width=\"1920\" height=\"1100\" src=\"https:\/\/www.moneytrans.eu\/makingpeoplesmile\/wp-content\/uploads\/sites\/46\/2021\/05\/Slide-46.jpg\" class=\"attachment-full size-full wp-image-786\" alt=\"\" srcset=\"https:\/\/www.moneytrans.eu\/makingpeoplesmile\/wp-content\/uploads\/sites\/46\/2021\/05\/Slide-46.jpg 1920w, https:\/\/www.moneytrans.eu\/makingpeoplesmile\/wp-content\/uploads\/sites\/46\/2021\/05\/Slide-46-300x172.jpg 300w, https:\/\/www.moneytrans.eu\/makingpeoplesmile\/wp-content\/uploads\/sites\/46\/2021\/05\/Slide-46-1024x587.jpg 1024w, https:\/\/www.moneytrans.eu\/makingpeoplesmile\/wp-content\/uploads\/sites\/46\/2021\/05\/Slide-46-768x440.jpg 768w, https:\/\/www.moneytrans.eu\/makingpeoplesmile\/wp-content\/uploads\/sites\/46\/2021\/05\/Slide-46-1536x880.jpg 1536w\" sizes=\"(max-width: 1920px) 100vw, 1920px\" \/>\t\t<\/div>\n\t\t\t\t<div class=\"elementor-portfolio-item__overlay\">\n\t\t\t\t<h3 class=\"elementor-portfolio-item__title\">\n\t\tAction: Save the Children &#8211; Education Inclusive\t\t<\/h3>\n\t\t\t\t<\/div>\n\t\t\t\t<\/a>\n\t\t<\/article>\n\t\t\t\t<article class=\"elementor-portfolio-item elementor-post  post-617 page type-page status-publish has-post-thumbnail hentry categorias-projet-making-children-smile\">\n\t\t\t<a class=\"elementor-post__thumbnail__link\" href=\"https:\/\/www.moneytrans.eu\/makingpeoplesmile\/fr\/action-educaperu\/\">\n\t\t\t\t<div class=\"elementor-portfolio-item__img elementor-post__thumbnail\">\n\t\t\t<img decoding=\"async\" width=\"1920\" height=\"1100\" src=\"https:\/\/www.moneytrans.eu\/makingpeoplesmile\/wp-content\/uploads\/sites\/46\/2021\/05\/Slide-17b.jpg\" class=\"attachment-full size-full wp-image-613\" alt=\"\" srcset=\"https:\/\/www.moneytrans.eu\/makingpeoplesmile\/wp-content\/uploads\/sites\/46\/2021\/05\/Slide-17b.jpg 1920w, https:\/\/www.moneytrans.eu\/makingpeoplesmile\/wp-content\/uploads\/sites\/46\/2021\/05\/Slide-17b-300x172.jpg 300w, https:\/\/www.moneytrans.eu\/makingpeoplesmile\/wp-content\/uploads\/sites\/46\/2021\/05\/Slide-17b-1024x587.jpg 1024w, https:\/\/www.moneytrans.eu\/makingpeoplesmile\/wp-content\/uploads\/sites\/46\/2021\/05\/Slide-17b-768x440.jpg 768w, https:\/\/www.moneytrans.eu\/makingpeoplesmile\/wp-content\/uploads\/sites\/46\/2021\/05\/Slide-17b-1536x880.jpg 1536w\" sizes=\"(max-width: 1920px) 100vw, 1920px\" \/>\t\t<\/div>\n\t\t\t\t<div class=\"elementor-portfolio-item__overlay\">\n\t\t\t\t<h3 class=\"elementor-portfolio-item__title\">\n\t\tAction: EducaPer\u00fa \u2013 Pour une \u00e9ducation de qualit\u00e9\t\t<\/h3>\n\t\t\t\t<\/div>\n\t\t\t\t<\/a>\n\t\t<\/article>\n\t\t\t\t<article class=\"elementor-portfolio-item elementor-post  post-590 page type-page status-publish has-post-thumbnail hentry categorias-projet-making-children-smile\">\n\t\t\t<a class=\"elementor-post__thumbnail__link\" href=\"https:\/\/www.moneytrans.eu\/makingpeoplesmile\/fr\/action-smile-school-congo\/\">\n\t\t\t\t<div class=\"elementor-portfolio-item__img elementor-post__thumbnail\">\n\t\t\t<img loading=\"lazy\" decoding=\"async\" width=\"1920\" height=\"1100\" src=\"https:\/\/www.moneytrans.eu\/makingpeoplesmile\/wp-content\/uploads\/sites\/46\/2021\/05\/Slide-47.jpg\" class=\"attachment-full size-full wp-image-594\" alt=\"\" srcset=\"https:\/\/www.moneytrans.eu\/makingpeoplesmile\/wp-content\/uploads\/sites\/46\/2021\/05\/Slide-47.jpg 1920w, https:\/\/www.moneytrans.eu\/makingpeoplesmile\/wp-content\/uploads\/sites\/46\/2021\/05\/Slide-47-300x172.jpg 300w, https:\/\/www.moneytrans.eu\/makingpeoplesmile\/wp-content\/uploads\/sites\/46\/2021\/05\/Slide-47-1024x587.jpg 1024w, https:\/\/www.moneytrans.eu\/makingpeoplesmile\/wp-content\/uploads\/sites\/46\/2021\/05\/Slide-47-768x440.jpg 768w, https:\/\/www.moneytrans.eu\/makingpeoplesmile\/wp-content\/uploads\/sites\/46\/2021\/05\/Slide-47-1536x880.jpg 1536w\" sizes=\"(max-width: 1920px) 100vw, 1920px\" \/>\t\t<\/div>\n\t\t\t\t<div class=\"elementor-portfolio-item__overlay\">\n\t\t\t\t<h3 class=\"elementor-portfolio-item__title\">\n\t\tAction: Smile School Congo &#8211; Les r\u00eaves n&rsquo;ont pas de limites\t\t<\/h3>\n\t\t\t\t<\/div>\n\t\t\t\t<\/a>\n\t\t<\/article>\n\t\t\t\t<\/div>\n\t\t\t\t<\/div>\n\t\t\t\t<\/div>\n\t\t\t\t\t<\/div>\n\t\t<\/div>\n\t\t\t\t\t<\/div>\n\t\t<\/section>\n\t\t\t\t<\/div>\n\t\t","protected":false},"excerpt":{"rendered":"<p>UNISSEZ-VOUS \u00c1 NOTRE PROJET Making Children Smile \u201cNous voulons apporter notre petit grain de sable en r\u00e9pandant cette initiative afin de r\u00e9veiller la conscience de notre entourage et faire appel \u00e0 sa solidarit\u00e9\u201d Agissez maintenant! Bring Smile to life! Tout le monde sourit dans la m\u00eame langue Nous voulons am\u00e9liorer la vie des gens gr\u00e2ce [&hellip;]<\/p>\n","protected":false},"author":2,"featured_media":798,"parent":0,"menu_order":0,"comment_status":"closed","ping_status":"closed","template":"","meta":{"site-sidebar-layout":"no-sidebar","site-content-layout":"page-builder","ast-site-content-layout":"","site-content-style":"default","site-sidebar-style":"default","ast-global-header-display":"","ast-banner-title-visibility":"","ast-main-header-display":"","ast-hfb-above-header-display":"","ast-hfb-below-header-display":"","ast-hfb-mobile-header-display":"","site-post-title":"disabled","ast-breadcrumbs-content":"","ast-featured-img":"disabled","footer-sml-layout":"","theme-transparent-header-meta":"default","adv-header-id-meta":"","stick-header-meta":"","header-above-stick-meta":"","header-main-stick-meta":"","header-below-stick-meta":"","astra-migrate-meta-layouts":"default","ast-page-background-enabled":"default","ast-page-background-meta":{"desktop":{"background-color":"","background-image":"","background-repeat":"repeat","background-position":"center center","background-size":"auto","background-attachment":"scroll","background-type":"","background-media":"","overlay-type":"","overlay-color":"","overlay-gradient":""},"tablet":{"background-color":"","background-image":"","background-repeat":"repeat","background-position":"center center","background-size":"auto","background-attachment":"scroll","background-type":"","background-media":"","overlay-type":"","overlay-color":"","overlay-gradient":""},"mobile":{"background-color":"","background-image":"","background-repeat":"repeat","background-position":"center center","background-size":"auto","background-attachment":"scroll","background-type":"","background-media":"","overlay-type":"","overlay-color":"","overlay-gradient":""}},"ast-content-background-meta":{"desktop":{"background-color":"var(--ast-global-color-5)","background-image":"","background-repeat":"repeat","background-position":"center center","background-size":"auto","background-attachment":"scroll","background-type":"","background-media":"","overlay-type":"","overlay-color":"","overlay-gradient":""},"tablet":{"background-color":"var(--ast-global-color-5)","background-image":"","background-repeat":"repeat","background-position":"center center","background-size":"auto","background-attachment":"scroll","background-type":"","background-media":"","overlay-type":"","overlay-color":"","overlay-gradient":""},"mobile":{"background-color":"var(--ast-global-color-5)","background-image":"","background-repeat":"repeat","background-position":"center center","background-size":"auto","background-attachment":"scroll","background-type":"","background-media":"","overlay-type":"","overlay-color":"","overlay-gradient":""}},"footnotes":""},"categorias":[31],"class_list":["post-805","page","type-page","status-publish","has-post-thumbnail","hentry","categorias-education-proyects"],"yoast_head":"<!-- This site is optimized with the Yoast SEO plugin v23.2 - https:\/\/yoast.com\/wordpress\/plugins\/seo\/ -->\n<title>Projet: Making Children Smile - Making People Smile<\/title>\n<meta name=\"robots\" content=\"index, follow, max-snippet:-1, max-image-preview:large, max-video-preview:-1\" \/>\n<link rel=\"canonical\" href=\"https:\/\/www.moneytrans.eu\/makingpeoplesmile\/fr\/projet-making-children-smile\/\" \/>\n<meta property=\"og:locale\" content=\"fr_FR\" \/>\n<meta property=\"og:type\" content=\"article\" \/>\n<meta property=\"og:title\" content=\"Projet: Making Children Smile - Making People Smile\" \/>\n<meta property=\"og:description\" content=\"UNISSEZ-VOUS \u00c1 NOTRE PROJET Making Children Smile \u201cNous voulons apporter notre petit grain de sable en r\u00e9pandant cette initiative afin de r\u00e9veiller la conscience de notre entourage et faire appel \u00e0 sa solidarit\u00e9\u201d Agissez maintenant! Bring Smile to life! Tout le monde sourit dans la m\u00eame langue Nous voulons am\u00e9liorer la vie des gens gr\u00e2ce [&hellip;]\" \/>\n<meta property=\"og:url\" content=\"https:\/\/www.moneytrans.eu\/makingpeoplesmile\/fr\/projet-making-children-smile\/\" \/>\n<meta property=\"og:site_name\" content=\"Making People Smile\" \/>\n<meta property=\"article:modified_time\" content=\"2022-06-28T14:40:16+00:00\" \/>\n<meta property=\"og:image\" content=\"https:\/\/www.moneytrans.eu\/makingpeoplesmile\/wp-content\/uploads\/sites\/46\/2021\/05\/Slide-5b.jpg\" \/>\n\t<meta property=\"og:image:width\" content=\"1920\" \/>\n\t<meta property=\"og:image:height\" content=\"1100\" \/>\n\t<meta property=\"og:image:type\" content=\"image\/jpeg\" \/>\n<meta name=\"twitter:card\" content=\"summary_large_image\" \/>\n<script type=\"application\/ld+json\" class=\"yoast-schema-graph\">{\"@context\":\"https:\/\/schema.org\",\"@graph\":[{\"@type\":\"WebPage\",\"@id\":\"https:\/\/www.moneytrans.eu\/makingpeoplesmile\/fr\/projet-making-children-smile\/\",\"url\":\"https:\/\/www.moneytrans.eu\/makingpeoplesmile\/fr\/projet-making-children-smile\/\",\"name\":\"Projet: Making Children Smile - Making People Smile\",\"isPartOf\":{\"@id\":\"https:\/\/www.moneytrans.eu\/makingpeoplesmile\/fr\/#website\"},\"primaryImageOfPage\":{\"@id\":\"https:\/\/www.moneytrans.eu\/makingpeoplesmile\/fr\/projet-making-children-smile\/#primaryimage\"},\"image\":{\"@id\":\"https:\/\/www.moneytrans.eu\/makingpeoplesmile\/fr\/projet-making-children-smile\/#primaryimage\"},\"thumbnailUrl\":\"https:\/\/www.moneytrans.eu\/makingpeoplesmile\/wp-content\/uploads\/sites\/46\/2021\/05\/Slide-5b.jpg\",\"datePublished\":\"2021-05-21T11:22:01+00:00\",\"dateModified\":\"2022-06-28T14:40:16+00:00\",\"breadcrumb\":{\"@id\":\"https:\/\/www.moneytrans.eu\/makingpeoplesmile\/fr\/projet-making-children-smile\/#breadcrumb\"},\"inLanguage\":\"fr-FR\",\"potentialAction\":[{\"@type\":\"ReadAction\",\"target\":[\"https:\/\/www.moneytrans.eu\/makingpeoplesmile\/fr\/projet-making-children-smile\/\"]}]},{\"@type\":\"ImageObject\",\"inLanguage\":\"fr-FR\",\"@id\":\"https:\/\/www.moneytrans.eu\/makingpeoplesmile\/fr\/projet-making-children-smile\/#primaryimage\",\"url\":\"https:\/\/www.moneytrans.eu\/makingpeoplesmile\/wp-content\/uploads\/sites\/46\/2021\/05\/Slide-5b.jpg\",\"contentUrl\":\"https:\/\/www.moneytrans.eu\/makingpeoplesmile\/wp-content\/uploads\/sites\/46\/2021\/05\/Slide-5b.jpg\",\"width\":1920,\"height\":1100},{\"@type\":\"BreadcrumbList\",\"@id\":\"https:\/\/www.moneytrans.eu\/makingpeoplesmile\/fr\/projet-making-children-smile\/#breadcrumb\",\"itemListElement\":[{\"@type\":\"ListItem\",\"position\":1,\"name\":\"Portada\",\"item\":\"https:\/\/www.moneytrans.eu\/makingpeoplesmile\/fr\/\"},{\"@type\":\"ListItem\",\"position\":2,\"name\":\"Projet: Making Children Smile\"}]},{\"@type\":\"WebSite\",\"@id\":\"https:\/\/www.moneytrans.eu\/makingpeoplesmile\/fr\/#website\",\"url\":\"https:\/\/www.moneytrans.eu\/makingpeoplesmile\/fr\/\",\"name\":\"Making People Smile\",\"description\":\"Otro sitio m\u00e1s de Moneytrans Sites\",\"potentialAction\":[{\"@type\":\"SearchAction\",\"target\":{\"@type\":\"EntryPoint\",\"urlTemplate\":\"https:\/\/www.moneytrans.eu\/makingpeoplesmile\/fr\/?s={search_term_string}\"},\"query-input\":\"required name=search_term_string\"}],\"inLanguage\":\"fr-FR\"}]}<\/script>\n<!-- \/ Yoast SEO plugin. -->","yoast_head_json":{"title":"Projet: Making Children Smile - Making People Smile","robots":{"index":"index","follow":"follow","max-snippet":"max-snippet:-1","max-image-preview":"max-image-preview:large","max-video-preview":"max-video-preview:-1"},"canonical":"https:\/\/www.moneytrans.eu\/makingpeoplesmile\/fr\/projet-making-children-smile\/","og_locale":"fr_FR","og_type":"article","og_title":"Projet: Making Children Smile - Making People Smile","og_description":"UNISSEZ-VOUS \u00c1 NOTRE PROJET Making Children Smile \u201cNous voulons apporter notre petit grain de sable en r\u00e9pandant cette initiative afin de r\u00e9veiller la conscience de notre entourage et faire appel \u00e0 sa solidarit\u00e9\u201d Agissez maintenant! Bring Smile to life! Tout le monde sourit dans la m\u00eame langue Nous voulons am\u00e9liorer la vie des gens gr\u00e2ce [&hellip;]","og_url":"https:\/\/www.moneytrans.eu\/makingpeoplesmile\/fr\/projet-making-children-smile\/","og_site_name":"Making People Smile","article_modified_time":"2022-06-28T14:40:16+00:00","og_image":[{"width":1920,"height":1100,"url":"https:\/\/www.moneytrans.eu\/makingpeoplesmile\/wp-content\/uploads\/sites\/46\/2021\/05\/Slide-5b.jpg","type":"image\/jpeg"}],"twitter_card":"summary_large_image","schema":{"@context":"https:\/\/schema.org","@graph":[{"@type":"WebPage","@id":"https:\/\/www.moneytrans.eu\/makingpeoplesmile\/fr\/projet-making-children-smile\/","url":"https:\/\/www.moneytrans.eu\/makingpeoplesmile\/fr\/projet-making-children-smile\/","name":"Projet: Making Children Smile - Making People Smile","isPartOf":{"@id":"https:\/\/www.moneytrans.eu\/makingpeoplesmile\/fr\/#website"},"primaryImageOfPage":{"@id":"https:\/\/www.moneytrans.eu\/makingpeoplesmile\/fr\/projet-making-children-smile\/#primaryimage"},"image":{"@id":"https:\/\/www.moneytrans.eu\/makingpeoplesmile\/fr\/projet-making-children-smile\/#primaryimage"},"thumbnailUrl":"https:\/\/www.moneytrans.eu\/makingpeoplesmile\/wp-content\/uploads\/sites\/46\/2021\/05\/Slide-5b.jpg","datePublished":"2021-05-21T11:22:01+00:00","dateModified":"2022-06-28T14:40:16+00:00","breadcrumb":{"@id":"https:\/\/www.moneytrans.eu\/makingpeoplesmile\/fr\/projet-making-children-smile\/#breadcrumb"},"inLanguage":"fr-FR","potentialAction":[{"@type":"ReadAction","target":["https:\/\/www.moneytrans.eu\/makingpeoplesmile\/fr\/projet-making-children-smile\/"]}]},{"@type":"ImageObject","inLanguage":"fr-FR","@id":"https:\/\/www.moneytrans.eu\/makingpeoplesmile\/fr\/projet-making-children-smile\/#primaryimage","url":"https:\/\/www.moneytrans.eu\/makingpeoplesmile\/wp-content\/uploads\/sites\/46\/2021\/05\/Slide-5b.jpg","contentUrl":"https:\/\/www.moneytrans.eu\/makingpeoplesmile\/wp-content\/uploads\/sites\/46\/2021\/05\/Slide-5b.jpg","width":1920,"height":1100},{"@type":"BreadcrumbList","@id":"https:\/\/www.moneytrans.eu\/makingpeoplesmile\/fr\/projet-making-children-smile\/#breadcrumb","itemListElement":[{"@type":"ListItem","position":1,"name":"Portada","item":"https:\/\/www.moneytrans.eu\/makingpeoplesmile\/fr\/"},{"@type":"ListItem","position":2,"name":"Projet: Making Children Smile"}]},{"@type":"WebSite","@id":"https:\/\/www.moneytrans.eu\/makingpeoplesmile\/fr\/#website","url":"https:\/\/www.moneytrans.eu\/makingpeoplesmile\/fr\/","name":"Making People Smile","description":"Otro sitio m\u00e1s de Moneytrans Sites","potentialAction":[{"@type":"SearchAction","target":{"@type":"EntryPoint","urlTemplate":"https:\/\/www.moneytrans.eu\/makingpeoplesmile\/fr\/?s={search_term_string}"},"query-input":"required name=search_term_string"}],"inLanguage":"fr-FR"}]}},"_links":{"self":[{"href":"https:\/\/www.moneytrans.eu\/makingpeoplesmile\/fr\/wp-json\/wp\/v2\/pages\/805"}],"collection":[{"href":"https:\/\/www.moneytrans.eu\/makingpeoplesmile\/fr\/wp-json\/wp\/v2\/pages"}],"about":[{"href":"https:\/\/www.moneytrans.eu\/makingpeoplesmile\/fr\/wp-json\/wp\/v2\/types\/page"}],"author":[{"embeddable":true,"href":"https:\/\/www.moneytrans.eu\/makingpeoplesmile\/fr\/wp-json\/wp\/v2\/users\/2"}],"replies":[{"embeddable":true,"href":"https:\/\/www.moneytrans.eu\/makingpeoplesmile\/fr\/wp-json\/wp\/v2\/comments?post=805"}],"version-history":[{"count":2,"href":"https:\/\/www.moneytrans.eu\/makingpeoplesmile\/fr\/wp-json\/wp\/v2\/pages\/805\/revisions"}],"predecessor-version":[{"id":1498,"href":"https:\/\/www.moneytrans.eu\/makingpeoplesmile\/fr\/wp-json\/wp\/v2\/pages\/805\/revisions\/1498"}],"wp:featuredmedia":[{"embeddable":true,"href":"https:\/\/www.moneytrans.eu\/makingpeoplesmile\/fr\/wp-json\/wp\/v2\/media\/798"}],"wp:attachment":[{"href":"https:\/\/www.moneytrans.eu\/makingpeoplesmile\/fr\/wp-json\/wp\/v2\/media?parent=805"}],"wp:term":[{"taxonomy":"categorias","embeddable":true,"href":"https:\/\/www.moneytrans.eu\/makingpeoplesmile\/fr\/wp-json\/wp\/v2\/categorias?post=805"}],"curies":[{"name":"wp","href":"https:\/\/api.w.org\/{rel}","templated":true}]}}