
{"id":4428,"date":"2021-03-15T13:08:10","date_gmt":"2021-03-15T13:08:10","guid":{"rendered":"https:\/\/www.moneytrans.eu\/portugal\/puntos-de-pago-en-destino\/"},"modified":"2021-04-16T20:44:35","modified_gmt":"2021-04-16T20:44:35","slug":"puntos-de-pago-en-destino","status":"publish","type":"page","link":"https:\/\/www.moneytrans.eu\/portugal\/es\/puntos-de-pago-en-destino\/","title":{"rendered":"Puntos de pago en destino"},"content":{"rendered":"\t\t<div data-elementor-type=\"wp-page\" data-elementor-id=\"4428\" class=\"elementor elementor-4428 elementor-4180\" data-elementor-post-type=\"page\">\n\t\t\t\t\t\t<section class=\"ob-is-breaking-bad elementor-section elementor-top-section elementor-element elementor-element-0ee9a2a elementor-section-content-top elementor-section-boxed elementor-section-height-default elementor-section-height-default\" data-id=\"0ee9a2a\" data-element_type=\"section\" data-settings=\"{&quot;background_background&quot;:&quot;classic&quot;,&quot;_ob_bbad_use_it&quot;:&quot;yes&quot;,&quot;_ob_bbad_sssic_use&quot;:&quot;no&quot;,&quot;_ob_glider_is_slider&quot;:&quot;no&quot;}\">\n\t\t\t\t\t\t\t<div class=\"elementor-background-overlay\"><\/div>\n\t\t\t\t\t\t\t<div class=\"elementor-container elementor-column-gap-default\">\n\t\t\t\t\t<div class=\"elementor-column elementor-col-50 elementor-top-column elementor-element elementor-element-ed1e43b\" data-id=\"ed1e43b\" data-element_type=\"column\" data-settings=\"{&quot;_ob_bbad_is_stalker&quot;:&quot;no&quot;,&quot;_ob_teleporter_use&quot;:false,&quot;_ob_column_hoveranimator&quot;:&quot;no&quot;,&quot;_ob_column_has_pseudo&quot;:&quot;no&quot;}\">\n\t\t\t<div class=\"elementor-widget-wrap elementor-element-populated\">\n\t\t\t\t\t\t<div class=\"elementor-element elementor-element-981788b ob-harakiri-inherit ob-has-background-overlay elementor-widget elementor-widget-heading\" data-id=\"981788b\" data-element_type=\"widget\" data-settings=\"{&quot;_ob_use_harakiri&quot;:&quot;yes&quot;,&quot;_ob_harakiri_writing_mode&quot;:&quot;inherit&quot;,&quot;_ob_harakiri_text_clip&quot;:&quot;none&quot;,&quot;_ob_perspektive_use&quot;:&quot;no&quot;,&quot;_ob_poopart_use&quot;:&quot;yes&quot;,&quot;_ob_shadough_use&quot;:&quot;no&quot;,&quot;_ob_allow_hoveranimator&quot;:&quot;no&quot;,&quot;_ob_widget_stalker_use&quot;:&quot;no&quot;}\" data-widget_type=\"heading.default\">\n\t\t\t\t<div class=\"elementor-widget-container\">\n\t\t\t<h1 class=\"elementor-heading-title elementor-size-default\">Encuentra tu punto de pago en destino<\/h1>\t\t<\/div>\n\t\t\t\t<\/div>\n\t\t\t\t<div class=\"elementor-element elementor-element-e242a07 ob-harakiri-inherit ob-has-background-overlay elementor-widget elementor-widget-text-editor\" data-id=\"e242a07\" data-element_type=\"widget\" data-settings=\"{&quot;_ob_use_harakiri&quot;:&quot;yes&quot;,&quot;_ob_harakiri_writing_mode&quot;:&quot;inherit&quot;,&quot;_ob_postman_use&quot;:&quot;no&quot;,&quot;_ob_perspektive_use&quot;:&quot;no&quot;,&quot;_ob_poopart_use&quot;:&quot;yes&quot;,&quot;_ob_shadough_use&quot;:&quot;no&quot;,&quot;_ob_allow_hoveranimator&quot;:&quot;no&quot;,&quot;_ob_widget_stalker_use&quot;:&quot;no&quot;}\" data-widget_type=\"text-editor.default\">\n\t\t\t\t<div class=\"elementor-widget-container\">\n\t\t\t\t\t\t\t<p><span data-contrast=\"auto\">Accede a nuestro buscador de destinos\u00a0<\/span><span data-contrast=\"auto\">Moneytrans<\/span><span data-contrast=\"auto\">\u00a0y localiza el punto de pago que m\u00e1s te convenga.<\/span><span data-ccp-props=\"{&quot;201341983&quot;:0,&quot;335559739&quot;:160,&quot;335559740&quot;:259}\">\u00a0<\/span><\/p>\n<p><span data-contrast=\"auto\">Selecciona\u00a0<\/span><span data-contrast=\"auto\">el\u00a0<\/span><span data-contrast=\"auto\">pa\u00eds y<\/span><span data-contrast=\"auto\">\u00a0la<\/span><span data-contrast=\"auto\">\u00a0localidad donde quiere<\/span><span data-contrast=\"auto\">s<\/span><span data-contrast=\"auto\">\u00a0recibir\u00a0<\/span><span data-contrast=\"auto\">t<\/span><span data-contrast=\"auto\">u dinero,\u00a0<\/span><span data-contrast=\"auto\">y<\/span><span data-contrast=\"auto\">\u00a0encuentra<\/span><span data-contrast=\"auto\">\u00a0tu punto de pago preferido<\/span><span data-contrast=\"auto\">.<\/span><span data-contrast=\"auto\">\u00a0\u00a1As\u00ed de f\u00e1cil!<\/span><span data-ccp-props=\"{&quot;201341983&quot;:0,&quot;335559739&quot;:160,&quot;335559740&quot;:259}\">\u00a0<\/span><\/p>\n\t\t\t\t\t\t<\/div>\n\t\t\t\t<\/div>\n\t\t\t\t\t<\/div>\n\t\t<\/div>\n\t\t\t\t<div class=\"elementor-column elementor-col-50 elementor-top-column elementor-element elementor-element-2472978\" data-id=\"2472978\" data-element_type=\"column\" data-settings=\"{&quot;_ob_bbad_is_stalker&quot;:&quot;no&quot;,&quot;_ob_teleporter_use&quot;:false,&quot;_ob_column_hoveranimator&quot;:&quot;no&quot;,&quot;_ob_column_has_pseudo&quot;:&quot;no&quot;}\">\n\t\t\t<div class=\"elementor-widget-wrap elementor-element-populated\">\n\t\t\t\t\t\t<div class=\"elementor-element elementor-element-2cc12d7 ob-has-background-overlay elementor-widget elementor-widget-image\" data-id=\"2cc12d7\" data-element_type=\"widget\" data-settings=\"{&quot;_ob_photomorph_use&quot;:&quot;no&quot;,&quot;_ob_perspektive_use&quot;:&quot;no&quot;,&quot;_ob_poopart_use&quot;:&quot;yes&quot;,&quot;_ob_shadough_use&quot;:&quot;no&quot;,&quot;_ob_allow_hoveranimator&quot;:&quot;no&quot;,&quot;_ob_widget_stalker_use&quot;:&quot;no&quot;}\" data-widget_type=\"image.default\">\n\t\t\t\t<div class=\"elementor-widget-container\">\n\t\t\t\t\t\t\t\t\t\t\t\t\t<img decoding=\"async\" width=\"1\" height=\"1\" src=\"https:\/\/www.moneytrans.eu\/portugal\/wp-content\/uploads\/sites\/50\/2021\/03\/hero-moneytrans-destination-illustration.svg\" class=\"attachment-large size-large wp-image-4187\" alt=\"\" \/>\t\t\t\t\t\t\t\t\t\t\t\t\t<\/div>\n\t\t\t\t<\/div>\n\t\t\t\t\t<\/div>\n\t\t<\/div>\n\t\t\t\t\t<\/div>\n\t\t<\/section>\n\t\t\t\t<section class=\"ob-is-breaking-bad elementor-section elementor-top-section elementor-element elementor-element-146762e elementor-section-boxed elementor-section-height-default elementor-section-height-default\" data-id=\"146762e\" data-element_type=\"section\" data-settings=\"{&quot;background_background&quot;:&quot;classic&quot;,&quot;_ob_bbad_use_it&quot;:&quot;yes&quot;,&quot;_ob_bbad_sssic_use&quot;:&quot;no&quot;,&quot;_ob_glider_is_slider&quot;:&quot;no&quot;}\">\n\t\t\t\t\t\t<div class=\"elementor-container elementor-column-gap-default\">\n\t\t\t\t\t<div class=\"elementor-column elementor-col-100 elementor-top-column elementor-element elementor-element-a2da86d\" data-id=\"a2da86d\" data-element_type=\"column\" data-settings=\"{&quot;_ob_bbad_is_stalker&quot;:&quot;no&quot;,&quot;_ob_teleporter_use&quot;:false,&quot;_ob_column_hoveranimator&quot;:&quot;no&quot;,&quot;_ob_column_has_pseudo&quot;:&quot;no&quot;}\">\n\t\t\t<div class=\"elementor-widget-wrap elementor-element-populated\">\n\t\t\t\t\t\t<div class=\"elementor-element elementor-element-2f5ccdb ob-has-background-overlay elementor-widget elementor-widget-shortcode\" data-id=\"2f5ccdb\" data-element_type=\"widget\" data-settings=\"{&quot;_ob_perspektive_use&quot;:&quot;no&quot;,&quot;_ob_poopart_use&quot;:&quot;yes&quot;,&quot;_ob_shadough_use&quot;:&quot;no&quot;,&quot;_ob_allow_hoveranimator&quot;:&quot;no&quot;,&quot;_ob_widget_stalker_use&quot;:&quot;no&quot;}\" data-widget_type=\"shortcode.default\">\n\t\t\t\t<div class=\"elementor-widget-container\">\n\t\t\t\n<div id=\"destinations\" class=\"wpcf7-form\">\n    <div id=\"filter-form\">\n       <div class=\"inputs\">\n            <div id=\"td-city\" class=\"form-item\">\n                <i class=\"fas fa-map-marker-alt\"><\/i>\n                 <label id=\"locale-dest\"><\/label>\n                <span class=\"wpcf7-form-control-wrap\">\n                    <select class=\"select2-container wpcf7-form-control wpcf7-select\" id=\"destCountry\"><\/select>\n                <\/span>\n            <\/div>\n            <div id=\"td-city\" class=\"form-item\">\n                <i class=\"fa fa-search\"><\/i>\n                <label id=\"locale-filter-criteria\"><\/label>\n                <span class=\"wpcf7-form-control-wrap\">\n                    <input type=\"text\" id=\"filter\" value=\"\" size=\"40\" class=\"wpcf7-form-control wpcf7-text\" \/>\n                <\/span>\n            <\/div>\n        <\/div>\n        <div id=\"td-button\">\n            <span class=\"wpcf7-form-control-wrap\">\n                <div id=\"searchButton\" class=\"wpcf7-form-control wpcf7-text\"><i class=\"fa fa-search\"><\/i><\/div>\n            <\/span>\n        <\/div>\n    <\/div>\n    <div id=\"filter-form-2\" style=\"display:none;\">\n        <div id=\"td-title\">\n            <label id=\"locale-payment-offices\">PUNTOS DE PAGO<\/label>\n         <\/div>\n         <div class=\"inputs\">\n            <div  id=\"td-payer\" class=\"form-item\">\n                <label id=\"locale-network\">Red pagadora<\/label>\n                <span class=\"wpcf7-form-control-wrap\">\n                    <select class=\"wpcf7-form-control wpcf7-select\" id=\"payer\"><\/select>\n                <\/span>\n             <\/div>\n             <div id=\"td-paymentMode\" class=\"form-item\">\n                 <label id=\"locale-payment-mode\">Modo de pago<\/label>\n                 <span class=\"wpcf7-form-control-wrap\">\n                   <select class=\"wpcf7-form-control wpcf7-select\" id=\"paymentMode\"><\/select>\n                 <\/span>\n              <\/div>    \n          <\/div>\n          <div id=\"td-button\">\n              <label><\/label><br \/>\n              <span class=\"wpcf7-form-control-wrap\">\n                 <div id=\"applyFilterLoader\"><\/div>\n              <\/span>\n            <\/div>\n    <\/div>\n    <div id=\"results-area\" style=\"display:none;\">\n        <table id=\"results-table\">\n            <thead id=\"table-header\">\n                <tr>\n                    <th id=\"locale-office\">Nombre<\/th>\n                    <th id=\"locale-address\">Direcci\u00f3n<\/th>\n                    <th id=\"locale-city\">Ciudad<\/th>\n                    <th class=\"payment-type\">M\u00e9todo de pago<\/th>\n                    <th id=\"locale-payer\">Pagador<\/th>\n                <\/tr>\n             <\/thead>\n            <tbody id=\"table-body\">\n            <\/tbody>\n            <tfoot>\n                <tr>\n                    <td id=\"table-footer\" colspan=\"5\">\n                        <span id=\"more-results-button\"><\/span>\n                    <\/td>\n                <\/tr>\n            <\/tfoot>\n        <\/table>\n        <span id=\"numResults\" class=\"bottom-numResults\"><\/span>\n    <\/div>\n<\/div>\t\t<div class=\"elementor-shortcode\"><\/div>\n\t\t\t\t<\/div>\n\t\t\t\t<\/div>\n\t\t\t\t\t<\/div>\n\t\t<\/div>\n\t\t\t\t\t<\/div>\n\t\t<\/section>\n\t\t\t\t<\/div>\n\t\t","protected":false},"excerpt":{"rendered":"<p>Encuentra tu punto de pago en destino Accede a nuestro buscador de destinos\u00a0Moneytrans\u00a0y localiza el punto de pago que m\u00e1s te convenga.\u00a0 Selecciona\u00a0el\u00a0pa\u00eds y\u00a0la\u00a0localidad donde quieres\u00a0recibir\u00a0tu dinero,\u00a0y\u00a0encuentra\u00a0tu punto de pago preferido.\u00a0\u00a1As\u00ed de f\u00e1cil!\u00a0<\/p>\n","protected":false},"author":2,"featured_media":0,"parent":0,"menu_order":0,"comment_status":"closed","ping_status":"closed","template":"","meta":{"site-sidebar-layout":"no-sidebar","site-content-layout":"page-builder","ast-site-content-layout":"","site-content-style":"default","site-sidebar-style":"default","ast-global-header-display":"","ast-banner-title-visibility":"","ast-main-header-display":"","ast-hfb-above-header-display":"","ast-hfb-below-header-display":"","ast-hfb-mobile-header-display":"","site-post-title":"disabled","ast-breadcrumbs-content":"","ast-featured-img":"disabled","footer-sml-layout":"","theme-transparent-header-meta":"default","adv-header-id-meta":"","stick-header-meta":"","header-above-stick-meta":"","header-main-stick-meta":"","header-below-stick-meta":"","astra-migrate-meta-layouts":"default","ast-page-background-enabled":"default","ast-page-background-meta":{"desktop":{"background-color":"var(--ast-global-color-4)","background-image":"","background-repeat":"repeat","background-position":"center center","background-size":"auto","background-attachment":"scroll","background-type":"","background-media":"","overlay-type":"","overlay-color":"","overlay-gradient":""},"tablet":{"background-color":"","background-image":"","background-repeat":"repeat","background-position":"center center","background-size":"auto","background-attachment":"scroll","background-type":"","background-media":"","overlay-type":"","overlay-color":"","overlay-gradient":""},"mobile":{"background-color":"","background-image":"","background-repeat":"repeat","background-position":"center center","background-size":"auto","background-attachment":"scroll","background-type":"","background-media":"","overlay-type":"","overlay-color":"","overlay-gradient":""}},"ast-content-background-meta":{"desktop":{"background-color":"var(--ast-global-color-5)","background-image":"","background-repeat":"repeat","background-position":"center center","background-size":"auto","background-attachment":"scroll","background-type":"","background-media":"","overlay-type":"","overlay-color":"","overlay-gradient":""},"tablet":{"background-color":"var(--ast-global-color-5)","background-image":"","background-repeat":"repeat","background-position":"center center","background-size":"auto","background-attachment":"scroll","background-type":"","background-media":"","overlay-type":"","overlay-color":"","overlay-gradient":""},"mobile":{"background-color":"var(--ast-global-color-5)","background-image":"","background-repeat":"repeat","background-position":"center center","background-size":"auto","background-attachment":"scroll","background-type":"","background-media":"","overlay-type":"","overlay-color":"","overlay-gradient":""}},"footnotes":""},"class_list":["post-4428","page","type-page","status-publish","hentry"],"yoast_head":"<!-- This site is optimized with the Yoast SEO plugin v23.2 - https:\/\/yoast.com\/wordpress\/plugins\/seo\/ -->\n<title>Encuentra tu oficina en pa\u00eds de destino para recoger dinero<\/title>\n<meta name=\"description\" content=\"Selecciona el pa\u00eds y localidad donde el destinatario va a recibir el dinero y localiza el punto de pago m\u00e1s cercano\" \/>\n<meta name=\"robots\" content=\"noindex, follow, max-snippet:-1, max-image-preview:large, max-video-preview:-1\" \/>\n<meta property=\"og:locale\" content=\"es_ES\" \/>\n<meta property=\"og:type\" content=\"article\" \/>\n<meta property=\"og:title\" content=\"Encuentra tu oficina en pa\u00eds de destino para recoger dinero\" \/>\n<meta property=\"og:description\" content=\"Selecciona el pa\u00eds y localidad donde el destinatario va a recibir el dinero y localiza el punto de pago m\u00e1s cercano\" \/>\n<meta property=\"og:url\" content=\"https:\/\/www.moneytrans.eu\/portugal\/es\/puntos-de-pago-en-destino\/\" \/>\n<meta property=\"og:site_name\" content=\"Moneytrans Portugal\" \/>\n<meta property=\"article:modified_time\" content=\"2021-04-16T20:44:35+00:00\" \/>\n<meta property=\"og:image\" content=\"https:\/\/www.moneytrans.eu\/portugal\/wp-content\/uploads\/sites\/50\/2021\/03\/hero-moneytrans-destination-illustration.svg\" \/>\n<meta name=\"twitter:card\" content=\"summary_large_image\" \/>\n<script type=\"application\/ld+json\" class=\"yoast-schema-graph\">{\"@context\":\"https:\/\/schema.org\",\"@graph\":[{\"@type\":\"WebPage\",\"@id\":\"https:\/\/www.moneytrans.eu\/portugal\/es\/puntos-de-pago-en-destino\/\",\"url\":\"https:\/\/www.moneytrans.eu\/portugal\/es\/puntos-de-pago-en-destino\/\",\"name\":\"Encuentra tu oficina en pa\u00eds de destino para recoger dinero\",\"isPartOf\":{\"@id\":\"https:\/\/www.moneytrans.eu\/portugal\/es\/#website\"},\"primaryImageOfPage\":{\"@id\":\"https:\/\/www.moneytrans.eu\/portugal\/es\/puntos-de-pago-en-destino\/#primaryimage\"},\"image\":{\"@id\":\"https:\/\/www.moneytrans.eu\/portugal\/es\/puntos-de-pago-en-destino\/#primaryimage\"},\"thumbnailUrl\":\"https:\/\/www.moneytrans.eu\/portugal\/wp-content\/uploads\/sites\/50\/2021\/03\/hero-moneytrans-destination-illustration.svg\",\"datePublished\":\"2021-03-15T13:08:10+00:00\",\"dateModified\":\"2021-04-16T20:44:35+00:00\",\"description\":\"Selecciona el pa\u00eds y localidad donde el destinatario va a recibir el dinero y localiza el punto de pago m\u00e1s cercano\",\"inLanguage\":\"es\",\"potentialAction\":[{\"@type\":\"ReadAction\",\"target\":[\"https:\/\/www.moneytrans.eu\/portugal\/es\/puntos-de-pago-en-destino\/\"]}]},{\"@type\":\"ImageObject\",\"inLanguage\":\"es\",\"@id\":\"https:\/\/www.moneytrans.eu\/portugal\/es\/puntos-de-pago-en-destino\/#primaryimage\",\"url\":\"https:\/\/www.moneytrans.eu\/portugal\/wp-content\/uploads\/sites\/50\/2021\/03\/hero-moneytrans-destination-illustration.svg\",\"contentUrl\":\"https:\/\/www.moneytrans.eu\/portugal\/wp-content\/uploads\/sites\/50\/2021\/03\/hero-moneytrans-destination-illustration.svg\"},{\"@type\":\"WebSite\",\"@id\":\"https:\/\/www.moneytrans.eu\/portugal\/es\/#website\",\"url\":\"https:\/\/www.moneytrans.eu\/portugal\/es\/\",\"name\":\"Moneytrans Portugal\",\"description\":\"Otro sitio m\u00e1s de Paises Moneytrans\",\"publisher\":{\"@id\":\"https:\/\/www.moneytrans.eu\/portugal\/es\/#organization\"},\"potentialAction\":[{\"@type\":\"SearchAction\",\"target\":{\"@type\":\"EntryPoint\",\"urlTemplate\":\"https:\/\/www.moneytrans.eu\/portugal\/es\/?s={search_term_string}\"},\"query-input\":\"required name=search_term_string\"}],\"inLanguage\":\"es\"},{\"@type\":\"Organization\",\"@id\":\"https:\/\/www.moneytrans.eu\/portugal\/es\/#organization\",\"name\":\"Moneytrans Portugal\",\"url\":\"https:\/\/www.moneytrans.eu\/portugal\/es\/\",\"logo\":{\"@type\":\"ImageObject\",\"inLanguage\":\"es\",\"@id\":\"https:\/\/www.moneytrans.eu\/portugal\/es\/#\/schema\/logo\/image\/\",\"url\":\"\",\"contentUrl\":\"\",\"caption\":\"Moneytrans Portugal\"},\"image\":{\"@id\":\"https:\/\/www.moneytrans.eu\/portugal\/es\/#\/schema\/logo\/image\/\"}}]}<\/script>\n<!-- \/ Yoast SEO plugin. -->","yoast_head_json":{"title":"Encuentra tu oficina en pa\u00eds de destino para recoger dinero","description":"Selecciona el pa\u00eds y localidad donde el destinatario va a recibir el dinero y localiza el punto de pago m\u00e1s cercano","robots":{"index":"noindex","follow":"follow","max-snippet":"max-snippet:-1","max-image-preview":"max-image-preview:large","max-video-preview":"max-video-preview:-1"},"og_locale":"es_ES","og_type":"article","og_title":"Encuentra tu oficina en pa\u00eds de destino para recoger dinero","og_description":"Selecciona el pa\u00eds y localidad donde el destinatario va a recibir el dinero y localiza el punto de pago m\u00e1s cercano","og_url":"https:\/\/www.moneytrans.eu\/portugal\/es\/puntos-de-pago-en-destino\/","og_site_name":"Moneytrans Portugal","article_modified_time":"2021-04-16T20:44:35+00:00","og_image":[{"url":"https:\/\/www.moneytrans.eu\/portugal\/wp-content\/uploads\/sites\/50\/2021\/03\/hero-moneytrans-destination-illustration.svg"}],"twitter_card":"summary_large_image","schema":{"@context":"https:\/\/schema.org","@graph":[{"@type":"WebPage","@id":"https:\/\/www.moneytrans.eu\/portugal\/es\/puntos-de-pago-en-destino\/","url":"https:\/\/www.moneytrans.eu\/portugal\/es\/puntos-de-pago-en-destino\/","name":"Encuentra tu oficina en pa\u00eds de destino para recoger dinero","isPartOf":{"@id":"https:\/\/www.moneytrans.eu\/portugal\/es\/#website"},"primaryImageOfPage":{"@id":"https:\/\/www.moneytrans.eu\/portugal\/es\/puntos-de-pago-en-destino\/#primaryimage"},"image":{"@id":"https:\/\/www.moneytrans.eu\/portugal\/es\/puntos-de-pago-en-destino\/#primaryimage"},"thumbnailUrl":"https:\/\/www.moneytrans.eu\/portugal\/wp-content\/uploads\/sites\/50\/2021\/03\/hero-moneytrans-destination-illustration.svg","datePublished":"2021-03-15T13:08:10+00:00","dateModified":"2021-04-16T20:44:35+00:00","description":"Selecciona el pa\u00eds y localidad donde el destinatario va a recibir el dinero y localiza el punto de pago m\u00e1s cercano","inLanguage":"es","potentialAction":[{"@type":"ReadAction","target":["https:\/\/www.moneytrans.eu\/portugal\/es\/puntos-de-pago-en-destino\/"]}]},{"@type":"ImageObject","inLanguage":"es","@id":"https:\/\/www.moneytrans.eu\/portugal\/es\/puntos-de-pago-en-destino\/#primaryimage","url":"https:\/\/www.moneytrans.eu\/portugal\/wp-content\/uploads\/sites\/50\/2021\/03\/hero-moneytrans-destination-illustration.svg","contentUrl":"https:\/\/www.moneytrans.eu\/portugal\/wp-content\/uploads\/sites\/50\/2021\/03\/hero-moneytrans-destination-illustration.svg"},{"@type":"WebSite","@id":"https:\/\/www.moneytrans.eu\/portugal\/es\/#website","url":"https:\/\/www.moneytrans.eu\/portugal\/es\/","name":"Moneytrans Portugal","description":"Otro sitio m\u00e1s de Paises Moneytrans","publisher":{"@id":"https:\/\/www.moneytrans.eu\/portugal\/es\/#organization"},"potentialAction":[{"@type":"SearchAction","target":{"@type":"EntryPoint","urlTemplate":"https:\/\/www.moneytrans.eu\/portugal\/es\/?s={search_term_string}"},"query-input":"required name=search_term_string"}],"inLanguage":"es"},{"@type":"Organization","@id":"https:\/\/www.moneytrans.eu\/portugal\/es\/#organization","name":"Moneytrans Portugal","url":"https:\/\/www.moneytrans.eu\/portugal\/es\/","logo":{"@type":"ImageObject","inLanguage":"es","@id":"https:\/\/www.moneytrans.eu\/portugal\/es\/#\/schema\/logo\/image\/","url":"","contentUrl":"","caption":"Moneytrans Portugal"},"image":{"@id":"https:\/\/www.moneytrans.eu\/portugal\/es\/#\/schema\/logo\/image\/"}}]}},"_links":{"self":[{"href":"https:\/\/www.moneytrans.eu\/portugal\/es\/wp-json\/wp\/v2\/pages\/4428"}],"collection":[{"href":"https:\/\/www.moneytrans.eu\/portugal\/es\/wp-json\/wp\/v2\/pages"}],"about":[{"href":"https:\/\/www.moneytrans.eu\/portugal\/es\/wp-json\/wp\/v2\/types\/page"}],"author":[{"embeddable":true,"href":"https:\/\/www.moneytrans.eu\/portugal\/es\/wp-json\/wp\/v2\/users\/2"}],"replies":[{"embeddable":true,"href":"https:\/\/www.moneytrans.eu\/portugal\/es\/wp-json\/wp\/v2\/comments?post=4428"}],"version-history":[{"count":3,"href":"https:\/\/www.moneytrans.eu\/portugal\/es\/wp-json\/wp\/v2\/pages\/4428\/revisions"}],"predecessor-version":[{"id":13256,"href":"https:\/\/www.moneytrans.eu\/portugal\/es\/wp-json\/wp\/v2\/pages\/4428\/revisions\/13256"}],"wp:attachment":[{"href":"https:\/\/www.moneytrans.eu\/portugal\/es\/wp-json\/wp\/v2\/media?parent=4428"}],"curies":[{"name":"wp","href":"https:\/\/api.w.org\/{rel}","templated":true}]}}